{"id":93,"date":"2024-10-06T11:15:47","date_gmt":"2024-10-06T11:15:47","guid":{"rendered":"https:\/\/factoriadelrol.com\/?page_id=93"},"modified":"2024-10-18T21:01:50","modified_gmt":"2024-10-18T21:01:50","slug":"quienes-somos","status":"publish","type":"page","link":"https:\/\/factoriadelrol.com\/index.php\/quienes-somos\/","title":{"rendered":"Quienes Somos"},"content":{"rendered":"\n<p>Factor\u00eda del Rol somos una asociaci\u00f3n sin \u00e1nimo de lucro inscrita en el registro de asociaciones de la Comunidad de Madrid con n\u00famero 38.447 y en el Censo de Asociaciones del Ayuntamiento de Madrid con n\u00famero 3.655.<\/p>\n\n\n\n<p>Nos dedicamos a:<\/p>\n\n\n\n<ul class=\"wp-block-list\">\n<li>Favorecer un sano esparcimiento de la juventud mediante el disfrute de juegos alternativos de toda \u00edndole (mesa, interpretativos, de rol y\/o estrategia).<\/li>\n\n\n\n<li>Ayudar a mejorar la im\u00e1gen de los Juegos de Rol entre el p\u00fablico general.<\/li>\n\n\n\n<li>La promoci\u00f3n, organizaci\u00f3n y apoyo de actividades relacionadas con los juegos de rol, juegos interpretativos, juegos de mesa y\/o estrat\u00e9gia.<\/li>\n\n\n\n<li>Servir como grupo de integraci\u00f3n para todas aquellas personas interesadas en los juegos de rol y\/o estrat\u00e9gia.<\/li>\n\n\n\n<li>Impulsar proyectos de car\u00e1cter l\u00fadico y cultural que favorezcan el desarrollo de la asociaci\u00f3n.<\/li>\n\n\n\n<li>Somos una asociaci\u00f3n inclusiva, donde damos cabida a todo tipo de personas que tengan necesidades especiales, ayudando a integrarse en un grupo sano de jugadores y a introducirles sin limitaciones en nuestras actividades sin que peligre la integridad de nadie.<\/li>\n<\/ul>\n\n\n\n<p>Para unirte a nosotros haz clic <a href=\"https:\/\/factoriadelrol.com\/index.php\/unete\/\" data-type=\"page\" data-id=\"95\">aqu\u00ed<\/a>. Para cualquier consulta puedes contactarnos a trav\u00e9s de nuestro correo contacto@factoriadelrol.es o mandandonos una consulta a trav\u00e9s de nuestro formulario de contacto.<\/p>\n\n\n\n<p><\/p>\n","protected":false},"excerpt":{"rendered":"<p>Factor\u00eda del Rol somos una asociaci\u00f3n sin \u00e1nimo de lucro inscrita en el registro de asociaciones de la Comunidad de Madrid con n\u00famero 38.447 y en el Censo de Asociaciones del Ayuntamiento de Madrid con n\u00famero 3.655. Nos dedicamos a: Para unirte a nosotros haz clic aqu\u00ed. Para cualquier consulta puedes contactarnos a trav\u00e9s de [&hellip;]<\/p>\n","protected":false},"author":1,"featured_media":0,"parent":0,"menu_order":0,"comment_status":"closed","ping_status":"closed","template":"","meta":{"footnotes":""},"class_list":["post-93","page","type-page","status-publish","hentry"],"_links":{"self":[{"href":"https:\/\/factoriadelrol.com\/index.php\/wp-json\/wp\/v2\/pages\/93","targetHints":{"allow":["GET"]}}],"collection":[{"href":"https:\/\/factoriadelrol.com\/index.php\/wp-json\/wp\/v2\/pages"}],"about":[{"href":"https:\/\/factoriadelrol.com\/index.php\/wp-json\/wp\/v2\/types\/page"}],"author":[{"embeddable":true,"href":"https:\/\/factoriadelrol.com\/index.php\/wp-json\/wp\/v2\/users\/1"}],"replies":[{"embeddable":true,"href":"https:\/\/factoriadelrol.com\/index.php\/wp-json\/wp\/v2\/comments?post=93"}],"version-history":[{"count":0,"href":"https:\/\/factoriadelrol.com\/index.php\/wp-json\/wp\/v2\/pages\/93\/revisions"}],"wp:attachment":[{"href":"https:\/\/factoriadelrol.com\/index.php\/wp-json\/wp\/v2\/media?parent=93"}],"curies":[{"name":"wp","href":"https:\/\/api.w.org\/{rel}","templated":true}]}}