{"id":146,"date":"2024-10-06T17:14:14","date_gmt":"2024-10-06T17:14:14","guid":{"rendered":"https:\/\/factoriadelrol.com\/?page_id=146"},"modified":"2024-10-08T22:05:03","modified_gmt":"2024-10-08T22:05:03","slug":"proyectos","status":"publish","type":"page","link":"https:\/\/factoriadelrol.com\/index.php\/proyectos\/","title":{"rendered":"Proyectos"},"content":{"rendered":"<div data-colibri-id=\"146-c1\" class=\"style-357 style-local-146-c1 position-relative\">\n  <!---->\n  <div data-colibri-component=\"section\" data-colibri-id=\"146-c2\" id=\"about\" class=\"h-section h-section-global-spacing d-flex align-items-lg-center align-items-md-center align-items-center style-362 style-local-146-c2 position-relative\">\n    <!---->\n    <!---->\n    <div class=\"h-section-grid-container h-section-boxed-container\">\n      <!---->\n      <div data-colibri-id=\"146-c3\" class=\"h-row-container gutters-row-lg-2 gutters-row-md-2 gutters-row-2 gutters-row-v-lg-2 gutters-row-v-md-2 gutters-row-v-2 style-363 style-local-146-c3 position-relative\">\n        <!---->\n        <div class=\"h-row justify-content-lg-center justify-content-md-center justify-content-center align-items-lg-stretch align-items-md-stretch align-items-stretch gutters-col-lg-2 gutters-col-md-2 gutters-col-2 gutters-col-v-lg-2 gutters-col-v-md-2 gutters-col-v-2\">\n          <!---->\n          <div class=\"h-column h-column-container d-flex h-col-lg-auto h-col-md-auto h-col-auto style-364-outer style-local-146-c4-outer\">\n            <div data-colibri-id=\"146-c4\" class=\"d-flex h-flex-basis h-column__inner h-px-lg-2 h-px-md-2 h-px-2 v-inner-lg-2 v-inner-md-2 v-inner-2 style-364 style-local-146-c4 position-relative\">\n              <!---->\n              <!---->\n              <div class=\"w-100 h-y-container h-column__content h-column__v-align flex-basis-100 align-self-lg-center align-self-md-center align-self-center\">\n                <!---->\n                <div data-colibri-id=\"146-c5\" class=\"h-global-transition-all h-heading style-365 style-local-146-c5 position-relative h-element\">\n                  <!---->\n                  <div class=\"h-heading__outer style-365 style-local-146-c5\">\n                    <!---->\n                    <!---->\n                    <h5 class=\"\">DESPERTAR DE LOS ANTIGUOS<\/h5>\n                  <\/div>\n                <\/div>\n                <div data-colibri-id=\"146-c6\" class=\"h-global-transition-all h-heading style-366 style-local-146-c6 position-relative h-element\">\n                  <!---->\n                  <div class=\"h-heading__outer style-366 style-local-146-c6\">\n                    <!---->\n                    <!---->\n                    <h2 class=\"\">Ambientado en el mundo de&nbsp;<em style=\"font-family: &quot;Playfair Display&quot;; color: rgb(247, 144, 7);\">Percy Jackson&nbsp;<\/em>viviremos las culturas \u00cdbera y Celta hisp\u00e1nica en una cr\u00f3nica.<\/h2>\n                  <\/div>\n                <\/div>\n                <div data-colibri-id=\"146-c7\" class=\"h-text h-text-component style-367 style-local-146-c7 position-relative h-element\">\n                  <!---->\n                  <!---->\n                  <div class=\"\">\n                    <p>Hace milenios, los panteones \u00edbero y celta sellaron una poderosa fuerza oscura conocida como <strong>\u00abLos Antiguos\u00bb<\/strong>. Estos seres eran entidades primordiales, destructoras del orden y la armon\u00eda en la Pen\u00ednsula. Los dioses,\n                      conscientes del peligro, colaboraron para sellarlos en el <strong>\u00abCoraz\u00f3n de Iberia\u00bb<\/strong>, un lugar oculto en lo m\u00e1s profundo de la tierra. <\/p>\n                  <\/div>\n                <\/div>\n              <\/div>\n            <\/div>\n          <\/div>\n          <div class=\"h-column h-column-container d-flex h-col-lg-auto h-col-md-auto h-col-auto style-370-outer style-local-146-c10-outer\">\n            <div data-colibri-id=\"146-c10\" class=\"d-flex h-flex-basis h-column__inner h-px-lg-2 h-px-md-2 h-px-2 v-inner-lg-2 v-inner-md-2 v-inner-2 style-370 style-local-146-c10 position-relative\">\n              <!---->\n              <!---->\n              <div class=\"w-100 h-y-container h-column__content h-column__v-align flex-basis-100 align-self-lg-center align-self-md-center align-self-center\">\n                <!---->\n                <div data-colibri-id=\"146-c11\" class=\"d-block style-371 style-local-146-c11 position-relative h-element\">\n                  <!---->\n                  <div class=\"h-image__frame-container-outer\">\n                    <div class=\"h-image__frame-container\">\n                      <!---->\n                      <!---->\n                      <img decoding=\"async\" width=\"569\" height=\"598\" data-src=\"https:\/\/factoriadelrol.com\/wp-content\/uploads\/2024\/10\/Logo.png\" class=\"wp-image-165 style-371-image style-local-146-c11-image lazyload\" alt=\"\" data-srcset=\"https:\/\/factoriadelrol.com\/wp-content\/uploads\/2024\/10\/Logo.png 569w, https:\/\/factoriadelrol.com\/wp-content\/uploads\/2024\/10\/Logo-285x300.png 285w\" data-sizes=\"(max-width: 569px) 100vw, 569px\" src=\"data:image\/svg+xml;base64,PHN2ZyB3aWR0aD0iMSIgaGVpZ2h0PSIxIiB4bWxucz0iaHR0cDovL3d3dy53My5vcmcvMjAwMC9zdmciPjwvc3ZnPg==\" style=\"--smush-placeholder-width: 569px; --smush-placeholder-aspect-ratio: 569\/598;\" \/>\n                      <div class=\"h-image__frame h-hide-sm style-371-frameImage style-local-146-c11-frameImage\"><\/div>\n                    <\/div>\n                  <\/div>\n                <\/div>\n              <\/div>\n            <\/div>\n          <\/div>\n        <\/div>\n      <\/div>\n    <\/div>\n  <\/div>\n  <div data-colibri-component=\"section\" data-colibri-id=\"146-c12\" id=\"about-2\" class=\"h-section h-section-global-spacing d-flex align-items-lg-center align-items-md-center align-items-center style-376 style-local-146-c12 position-relative\">\n    <!---->\n    <!---->\n    <div class=\"h-section-grid-container h-section-boxed-container\">\n      <!---->\n      <div data-colibri-id=\"146-c13\" class=\"h-row-container gutters-row-lg-0 gutters-row-md-0 gutters-row-0 gutters-row-v-lg-0 gutters-row-v-md-0 gutters-row-v-0 style-377 style-local-146-c13 position-relative\">\n        <!---->\n        <div class=\"h-row justify-content-lg-center justify-content-md-center justify-content-center align-items-lg-stretch align-items-md-stretch align-items-stretch gutters-col-lg-0 gutters-col-md-0 gutters-col-0 gutters-col-v-lg-0 gutters-col-v-md-0 gutters-col-v-0\">\n          <!---->\n          <div class=\"h-column h-column-container d-flex h-col-lg-auto h-col-md-auto h-col-auto style-378-outer style-local-146-c14-outer\">\n            <div data-colibri-id=\"146-c14\" class=\"d-flex h-flex-basis h-column__inner h-ui-empty-state-container h-px-lg-0 h-px-md-0 h-px-0 v-inner-lg-0 v-inner-md-0 v-inner-0 style-378 style-local-146-c14 position-relative\">\n              <!---->\n              <!---->\n              <div class=\"w-100 h-y-container h-column__content h-column__v-align flex-basis-100\">\n                <!---->\n              <\/div>\n            <\/div>\n          <\/div>\n          <div class=\"h-column h-column-container d-flex h-col-lg-auto h-col-md-auto h-col-auto style-379-outer style-local-146-c15-outer\">\n            <div data-colibri-id=\"146-c15\" class=\"d-flex h-flex-basis h-column__inner h-px-lg-2 h-px-md-2 h-px-2 v-inner-lg-2 v-inner-md-2 v-inner-2 style-379 style-local-146-c15 position-relative\">\n              <!---->\n              <!---->\n              <div class=\"w-100 h-y-container h-column__content h-column__v-align flex-basis-100 align-self-lg-start align-self-md-start align-self-start\">\n                <!---->\n                <div data-colibri-id=\"146-c16\" class=\"h-global-transition-all h-heading style-380 style-local-146-c16 position-relative h-element\">\n                  <!---->\n                  <div class=\"h-heading__outer style-380 style-local-146-c16\">\n                    <!---->\n                    <!---->\n                    <h5 class=\"\">About us<\/h5>\n                  <\/div>\n                <\/div>\n                <div data-colibri-id=\"146-c17\" class=\"h-global-transition-all h-heading style-381 style-local-146-c17 position-relative h-element\">\n                  <!---->\n                  <div class=\"h-heading__outer style-381 style-local-146-c17\">\n                    <!---->\n                    <!---->\n                    <h2 class=\"\">Enjoy the best <em style=\"font-family: &quot;Playfair Display&quot;;\">design<\/em> and <em style=\"font-family: &quot;Playfair Display&quot;;\">functions<\/em> combined together<\/h2>\n                  <\/div>\n                <\/div>\n                <div data-colibri-id=\"146-c18\" class=\"h-text h-text-component style-382 style-local-146-c18 position-relative h-element\">\n                  <!---->\n                  <!---->\n                  <div class=\"\">\n                    <p>Lorem ipsum dolor sit amet, consectetur adipisicing elit, sed do eiusmod tempor incididunt ut labore et dolore magna aliqua. Ut enim ad minim veniam, quis nostrud exercitation ullamco laboris nisi ut aliquip.<\/p>\n                  <\/div>\n                <\/div>\n              <\/div>\n            <\/div>\n          <\/div>\n        <\/div>\n      <\/div>\n    <\/div>\n  <\/div>\n<\/div>","protected":false},"excerpt":{"rendered":"<p>DESPERTAR DE LOS ANTIGUOS Ambientado en el mundo de&nbsp;Percy Jackson&nbsp;viviremos las culturas \u00cdbera y Celta hisp\u00e1nica en una cr\u00f3nica. Hace milenios, los panteones \u00edbero y celta sellaron una poderosa fuerza oscura conocida como \u00abLos Antiguos\u00bb. Estos seres eran entidades primordiales, destructoras del orden y la armon\u00eda en la Pen\u00ednsula. Los dioses, conscientes del peligro, colaboraron [&hellip;]<\/p>\n","protected":false},"author":1,"featured_media":0,"parent":0,"menu_order":12,"comment_status":"closed","ping_status":"closed","template":"page-templates\/full-width-page.php","meta":{"footnotes":""},"class_list":["post-146","page","type-page","status-publish","hentry"],"_links":{"self":[{"href":"https:\/\/factoriadelrol.com\/index.php\/wp-json\/wp\/v2\/pages\/146","targetHints":{"allow":["GET"]}}],"collection":[{"href":"https:\/\/factoriadelrol.com\/index.php\/wp-json\/wp\/v2\/pages"}],"about":[{"href":"https:\/\/factoriadelrol.com\/index.php\/wp-json\/wp\/v2\/types\/page"}],"author":[{"embeddable":true,"href":"https:\/\/factoriadelrol.com\/index.php\/wp-json\/wp\/v2\/users\/1"}],"replies":[{"embeddable":true,"href":"https:\/\/factoriadelrol.com\/index.php\/wp-json\/wp\/v2\/comments?post=146"}],"version-history":[{"count":6,"href":"https:\/\/factoriadelrol.com\/index.php\/wp-json\/wp\/v2\/pages\/146\/revisions"}],"predecessor-version":[{"id":196,"href":"https:\/\/factoriadelrol.com\/index.php\/wp-json\/wp\/v2\/pages\/146\/revisions\/196"}],"wp:attachment":[{"href":"https:\/\/factoriadelrol.com\/index.php\/wp-json\/wp\/v2\/media?parent=146"}],"curies":[{"name":"wp","href":"https:\/\/api.w.org\/{rel}","templated":true}]}}