{"id":108,"date":"2024-10-06T16:20:43","date_gmt":"2024-10-06T16:20:43","guid":{"rendered":"https:\/\/factoriadelrol.com\/?page_id=108"},"modified":"2024-10-06T16:20:43","modified_gmt":"2024-10-06T16:20:43","slug":"politica-de-derecho-de-admision","status":"publish","type":"page","link":"https:\/\/factoriadelrol.com\/index.php\/politica-de-derecho-de-admision\/","title":{"rendered":"Pol\u00edtica de Derecho de Admisi\u00f3n"},"content":{"rendered":"\n<p>Seg\u00fan lo aprobado en la \u00faltima Asamblea de Socios de Factor\u00eda del Rol con fecha 12 de diciembre de 2020 se establece la pol\u00edtica de Derecho de Admisi\u00f3n a las actividades organizadas o coorganizadas por Factor\u00eda del Rol de la siguiente manera:<\/p>\n\n\n\n<ul class=\"wp-block-list\">\n<li>Carecer de la edad exigida para la actividad.<\/li>\n\n\n\n<li>En caso de ser actividad de pago, no estar al corriente de este en el momento de la realizaci\u00f3n de esta.<\/li>\n\n\n\n<li>No haber cumplido con los requisitos necesarios para las actividades (por ejemplo, la creaci\u00f3n del personaje en el caso de algunos juegos de rol, rellenar el formulario, apuntarse a la misma previamente\u2026etc.).<\/li>\n\n\n\n<li>Si es una actividad d\u00f3nde hay menores o se realiza en un espacio d\u00f3nde puede haberlos, no presentar el documento de delitos de menores que expide el ministerio de justicia y que es de car\u00e1cter gratuito.<\/li>\n\n\n\n<li>Acoso a personas o colectivos de forma reiterada. La persona o personas deber\u00e1n de aportar justificaci\u00f3n de este.<\/li>\n\n\n\n<li>La sentencia firme, sin posibilidad de recurso, de alg\u00fan delito hasta que se cumpla la pena de este.<\/li>\n\n\n\n<li>Consumir alcohol, drogas u otras sustancias estupefacientes o mostrar s\u00edntomas de haberlas consumido. De hacerlo durante el transcurso de la actividad y detectarse ser proceder\u00e1 a la expulsi\u00f3n inmediata de la actividad de esa persona.<\/li>\n\n\n\n<li>Dificultar el desarrollo de la actividad.<\/li>\n\n\n\n<li>Manifestar actitudes violentas o comportamientos agresivos fuera de contexto. Ya se tiene por norma que en los roles en vivo no puede haber contacto f\u00edsico salvo que sea pactado previamente entre los jugadores y en el caso de actividades que impliquen contacto (como puede ser el softcombat) se entender\u00e1 por actitud violenta toda la que el coordinador de la actividad detecte como tal. Se avisar\u00e1 de la misma y en caso de reincidir en ella la persona quedar\u00e1 expulsada y no podr\u00e1 volver a acceder a este tipo de actividades.<\/li>\n\n\n\n<li>Provocar altercados o hacer apolog\u00edas que lleven a la violencia, racismo, xenofobia o discriminaci\u00f3n. En las actividades de rol en vivo puede haber personajes que tengan estos comportamientos, pero quedar\u00e1n exclusivamente relegados al momento en que el Coordinador de la Actividad de inicio a la misma y hasta que indique su final.<\/li>\n\n\n\n<li>El comportamiento agresivo, amenaza o coacci\u00f3n a cualquier miembro de un grupo de narraci\u00f3n o coordinador de actividad llevar\u00e1 tambi\u00e9n consigo el no poder acceder a la misma ya que esta se realiza de forma gratuita y desinteresada por parte de los miembros de esos equipos. Este punto tendr\u00e1 car\u00e1cter retroactivo y deber\u00e1n de aportarse pruebas de los hechos para justificarlo.<\/li>\n\n\n\n<li>El derecho de admisi\u00f3n que se aplique en el recinto d\u00f3nde se vaya a realizar la actividad.<\/li>\n<\/ul>\n\n\n\n<p>Adem\u00e1s de estos puntos, tambi\u00e9n se tendr\u00e1n en cuenta las pol\u00edticas de Derecho de Admisi\u00f3n de los Centros y\/o Locales donde llevemos a cabo nuestras actividades.<\/p>\n\n\n\n<p>Esta Pol\u00edtica de Derecho de Admisi\u00f3n tambi\u00e9n se aplicar\u00e1 a las actividades que Factor\u00eda del Rol lleve a cabo de forma no presencial u on-line.<\/p>\n\n\n\n<p>Estos puntos han quedado a\u00f1adidos al Reglamento de R\u00e9gimen Interno de la asociaci\u00f3n como un Anexo.<\/p>\n\n\n\n<p><\/p>\n","protected":false},"excerpt":{"rendered":"<p>Seg\u00fan lo aprobado en la \u00faltima Asamblea de Socios de Factor\u00eda del Rol con fecha 12 de diciembre de 2020 se establece la pol\u00edtica de Derecho de Admisi\u00f3n a las actividades organizadas o coorganizadas por Factor\u00eda del Rol de la siguiente manera: Adem\u00e1s de estos puntos, tambi\u00e9n se tendr\u00e1n en cuenta las pol\u00edticas de Derecho [&hellip;]<\/p>\n","protected":false},"author":1,"featured_media":0,"parent":0,"menu_order":53,"comment_status":"closed","ping_status":"closed","template":"","meta":{"footnotes":""},"class_list":["post-108","page","type-page","status-publish","hentry"],"_links":{"self":[{"href":"https:\/\/factoriadelrol.com\/index.php\/wp-json\/wp\/v2\/pages\/108","targetHints":{"allow":["GET"]}}],"collection":[{"href":"https:\/\/factoriadelrol.com\/index.php\/wp-json\/wp\/v2\/pages"}],"about":[{"href":"https:\/\/factoriadelrol.com\/index.php\/wp-json\/wp\/v2\/types\/page"}],"author":[{"embeddable":true,"href":"https:\/\/factoriadelrol.com\/index.php\/wp-json\/wp\/v2\/users\/1"}],"replies":[{"embeddable":true,"href":"https:\/\/factoriadelrol.com\/index.php\/wp-json\/wp\/v2\/comments?post=108"}],"version-history":[{"count":0,"href":"https:\/\/factoriadelrol.com\/index.php\/wp-json\/wp\/v2\/pages\/108\/revisions"}],"wp:attachment":[{"href":"https:\/\/factoriadelrol.com\/index.php\/wp-json\/wp\/v2\/media?parent=108"}],"curies":[{"name":"wp","href":"https:\/\/api.w.org\/{rel}","templated":true}]}}