{"id":102,"date":"2024-10-06T16:18:54","date_gmt":"2024-10-06T16:18:54","guid":{"rendered":"https:\/\/factoriadelrol.com\/?page_id=102"},"modified":"2024-10-06T16:18:54","modified_gmt":"2024-10-06T16:18:54","slug":"aviso-legal","status":"publish","type":"page","link":"https:\/\/factoriadelrol.com\/index.php\/aviso-legal\/","title":{"rendered":"Aviso Legal"},"content":{"rendered":"\n<p>Factor\u00eda de Rol, provisto con CIF G88181540, direcci\u00f3n en Calle Maestra Justa Freire, 68, 28044, Madrid, no puede asumir ninguna responsabilidad derivada del uso incorrecto, inapropiado o il\u00edcito de la informaci\u00f3n aparecida en la p\u00e1gina de Internet de www.factoriadelrol.es, www.factoriadelrol.com o cualquiera de los subdominios pertenecientes a la ra\u00edz del mismo *.factoriadelrol.es y *.factoriadelrol.com.<br>Con los l\u00edmites establecidos en la ley, Factor\u00eda del Rol no asume ninguna responsabilidad derivada de la falta de veracidad, integridad, actualizaci\u00f3n y precisi\u00f3n de los datos o informaciones que se contienen en sus p\u00e1ginas de Internet.<br>Los contenidos e informaci\u00f3n no vinculan a Factor\u00eda del Rol ni constituyen opiniones, consejos o asesoramiento legal de ning\u00fan tipo pues se trata meramente de un servicio ofrecido con car\u00e1cter informativo y divulgativo.<br>La p\u00e1gina de Internet de www.factoriadelrol.es y www.factoriadelrol.com o cualquiera de los subdominios pertenecientes a la ra\u00edz del mismo *.factoriadelrol.es y *.factoriadelrol.com puede contener enlaces (links) a otras p\u00e1ginas de terceras partes que Factor\u00eda del Rol no puede controlar. Por lo tanto, Factor\u00eda del Rol\u00a0no puede asumir responsabilidades por el contenido que pueda aparecer en p\u00e1ginas de terceros.<br>Los textos, im\u00e1genes, sonidos, animaciones, software y el resto de contenidos incluidos en este website son propiedad exclusiva de Factor\u00eda del Rol o sus licenciantes. Cualquier acto de transmisi\u00f3n, distribuci\u00f3n,<br>cesi\u00f3n, reproducci\u00f3n, almacenamiento o comunicaci\u00f3n p\u00fablica total o parcial, debe contar con el consentimiento expreso de Factor\u00eda del Rol.<br>Asimismo, para acceder a algunos de los servicios que Factor\u00eda del Rol ofrece a trav\u00e9s del website deber\u00e1 proporcionar algunos datos de car\u00e1cter personal. En cumplimiento de lo establecido en el Reglamento (UE) 2016\/679 del Parlamento Europeo y del Consejo, de 27 de abril de 2016, relativo a la protecci\u00f3n de las personas f\u00edsicas en lo que respecta al tratamiento de datos personales y a la libre circulaci\u00f3n de estos datos le informamos que, mediante la cumplimentaci\u00f3n de los presentes formularios, sus datos personales quedar\u00e1n incorporados y ser\u00e1n tratados en los ficheros de Factor\u00eda del Rol con el fin de poderle prestar y ofrecer nuestros servicios as\u00ed como para informarle de las mejoras del sitio Web. Asimismo, le informamos de la posibilidad de que ejerza los derechos de acceso, rectificaci\u00f3n, cancelaci\u00f3n y oposici\u00f3n de sus datos de car\u00e1cter personal, manera gratuita mediante email a\u00a0<a href=\"https:\/\/web.archive.org\/web\/20240520054638\/mailto:rgpd@factoriadelrol.es\" target=\"_blank\" rel=\"noreferrer noopener\">rgpd@factoriadelrol.es<\/a>\u00a0o en la direcci\u00f3n Calle Maestra Justa Freire, 68, 28044, Madrid.<\/p>\n","protected":false},"excerpt":{"rendered":"<p>Factor\u00eda de Rol, provisto con CIF G88181540, direcci\u00f3n en Calle Maestra Justa Freire, 68, 28044, Madrid, no puede asumir ninguna responsabilidad derivada del uso incorrecto, inapropiado o il\u00edcito de la informaci\u00f3n aparecida en la p\u00e1gina de Internet de www.factoriadelrol.es, www.factoriadelrol.com o cualquiera de los subdominios pertenecientes a la ra\u00edz del mismo *.factoriadelrol.es y *.factoriadelrol.com.Con los [&hellip;]<\/p>\n","protected":false},"author":1,"featured_media":0,"parent":0,"menu_order":50,"comment_status":"closed","ping_status":"closed","template":"","meta":{"footnotes":""},"class_list":["post-102","page","type-page","status-publish","hentry"],"_links":{"self":[{"href":"https:\/\/factoriadelrol.com\/index.php\/wp-json\/wp\/v2\/pages\/102","targetHints":{"allow":["GET"]}}],"collection":[{"href":"https:\/\/factoriadelrol.com\/index.php\/wp-json\/wp\/v2\/pages"}],"about":[{"href":"https:\/\/factoriadelrol.com\/index.php\/wp-json\/wp\/v2\/types\/page"}],"author":[{"embeddable":true,"href":"https:\/\/factoriadelrol.com\/index.php\/wp-json\/wp\/v2\/users\/1"}],"replies":[{"embeddable":true,"href":"https:\/\/factoriadelrol.com\/index.php\/wp-json\/wp\/v2\/comments?post=102"}],"version-history":[{"count":0,"href":"https:\/\/factoriadelrol.com\/index.php\/wp-json\/wp\/v2\/pages\/102\/revisions"}],"wp:attachment":[{"href":"https:\/\/factoriadelrol.com\/index.php\/wp-json\/wp\/v2\/media?parent=102"}],"curies":[{"name":"wp","href":"https:\/\/api.w.org\/{rel}","templated":true}]}}