{"id":100,"date":"2024-10-06T16:18:02","date_gmt":"2024-10-06T16:18:02","guid":{"rendered":"https:\/\/factoriadelrol.com\/?page_id=100"},"modified":"2024-10-29T19:25:55","modified_gmt":"2024-10-29T19:25:55","slug":"becas-pat","status":"publish","type":"page","link":"https:\/\/factoriadelrol.com\/index.php\/becas-pat\/","title":{"rendered":"Becas \u00abPAT\u00bb"},"content":{"rendered":"\n<p>El compromiso de Factor\u00eda del Rol con la 100% integraci\u00f3n se extiende no solo a personas con diversidad funcional de cualquier tipo. Este a\u00f1o damos un paso m\u00e1s y hemos creado una Beca para que cualquier persona pueda acceder a tener unas vacaciones sanas y unos d\u00edas de esparcimiento sano junto con el resto de asistentes a las Jornadas de Convivencia que organizamos a\u00f1o tras a\u00f1o durante el mes de Agosto.<\/p>\n\n\n\n<p>A continuaci\u00f3n a\u00f1adimos el dosier de la Beca:<\/p>\n\n\n<a href=\"https:\/\/factoriadelrol.com\/wp-content\/uploads\/2024\/10\/IIIBECAPAT.pdf\" class=\"pdfemb-viewer\" style=\"\" data-width=\"max\" data-height=\"max\" data-toolbar=\"bottom\" data-toolbar-fixed=\"off\">IIIBECAPAT<\/a>\n\n\n<p>Por otro lado, para que la beca sea lo m\u00e1s transparente posible, hemos creado un sistema de puntuaci\u00f3n para poder acceder a ella. Aunque ya est\u00e1 especificado en las ultimas p\u00e1ginas del anterior dosier y para poder acceder a la beca, se deber\u00e1 mandar la hoja que hay adjunta en el dosier con toda la documentaci\u00f3n requerida a la cuenta de correo rgpd@factoriadelrol.com<\/p>\n\n\n\n<h2 class=\"wp-block-heading\">PARA LAS BECAS HACEMOS UN SORTEO DE MATERIAL ANUAL. M\u00c1S INFORMACI\u00d3N EN <a href=\"http:\/\/BECA.FACTORIADELROL.ES\" target=\"_blank\" rel=\"noreferrer noopener\">BECA.FACTORIADELROL.ES<\/a><\/h2>\n","protected":false},"excerpt":{"rendered":"<p>El compromiso de Factor\u00eda del Rol con la 100% integraci\u00f3n se extiende no solo a personas con diversidad funcional de cualquier tipo. Este a\u00f1o damos un paso m\u00e1s y hemos creado una Beca para que cualquier persona pueda acceder a tener unas vacaciones sanas y unos d\u00edas de esparcimiento sano junto con el resto de [&hellip;]<\/p>\n","protected":false},"author":1,"featured_media":0,"parent":0,"menu_order":3,"comment_status":"closed","ping_status":"closed","template":"","meta":{"footnotes":""},"class_list":["post-100","page","type-page","status-publish","hentry"],"_links":{"self":[{"href":"https:\/\/factoriadelrol.com\/index.php\/wp-json\/wp\/v2\/pages\/100","targetHints":{"allow":["GET"]}}],"collection":[{"href":"https:\/\/factoriadelrol.com\/index.php\/wp-json\/wp\/v2\/pages"}],"about":[{"href":"https:\/\/factoriadelrol.com\/index.php\/wp-json\/wp\/v2\/types\/page"}],"author":[{"embeddable":true,"href":"https:\/\/factoriadelrol.com\/index.php\/wp-json\/wp\/v2\/users\/1"}],"replies":[{"embeddable":true,"href":"https:\/\/factoriadelrol.com\/index.php\/wp-json\/wp\/v2\/comments?post=100"}],"version-history":[{"count":0,"href":"https:\/\/factoriadelrol.com\/index.php\/wp-json\/wp\/v2\/pages\/100\/revisions"}],"wp:attachment":[{"href":"https:\/\/factoriadelrol.com\/index.php\/wp-json\/wp\/v2\/media?parent=100"}],"curies":[{"name":"wp","href":"https:\/\/api.w.org\/{rel}","templated":true}]}}